{"id":119,"date":"2019-07-05T09:59:21","date_gmt":"2019-07-05T09:59:21","guid":{"rendered":"https:\/\/andres-moysich.de\/?page_id=119"},"modified":"2019-07-05T10:48:37","modified_gmt":"2019-07-05T10:48:37","slug":"hochsensibilitaet","status":"publish","type":"page","link":"https:\/\/andres-moysich.de\/index.php\/hochsensibilitaet\/","title":{"rendered":"Hochsensibilit\u00e4t"},"content":{"rendered":"\n<p>\u2026noch in Bearbeitung\u2026,<\/p>\n\n\n\n<p>\u2026zum Einlesen in die Thematik:<\/p>\n\n\n\n<figure class=\"wp-block-embed\"><div class=\"wp-block-embed__wrapper\">\nhttp:\/\/www.swissfamily.ch\/artikel\/499_ist_ihr_kind_hochsensibel.html\n<\/div><\/figure>\n\n\n\n<p><a href=\"http:\/\/books.google.de\/books?id=e-23maQUHs0C&amp;pg=PA21&amp;lpg=PA21&amp;dq=hochsensibel+geh%C3%A4nselt&amp;source=bl&amp;ots=aHhi-NwWio&amp;sig=DFYwqkenPAfI4vDcgZiM8B4LS1w&amp;hl=de&amp;ei=shElTO6MMoKCOI2llKUC&amp;sa=X&amp;oi=book_result&amp;ct=result&amp;resnum=4&amp;ved=0CCEQ6AEwAw#v=onepage&amp;q&amp;f=false\">google-books<\/a><\/p>\n\n\n\n<figure class=\"wp-block-embed\"><div class=\"wp-block-embed__wrapper\">\nhttp:\/\/www.hochsensibel.org\/dokumente\/Juniorinfo.pdf\n<\/div><\/figure>\n\n\n\n<p>&#8222;BUCH \u2013 NEUERSCHEINUNG:<br>Empfindsam erziehen \u2013 Tipps f\u00fcr die ersten 10 Lebensjahre des hochsensiblen Kindes<br>von Julie Leuze<br>erschienen im Festland Verlag&nbsp;<a href=\"http:\/\/www.festland-verlag.com\/\">www.festland-verlag.com<\/a><br>160 Seiten<br>\u20ac 17,30.- \/18,50.- ISBN 978-3-9501765-5-1<\/p>\n\n\n\n<p>Hochsensible Kinder bereichern das Familienleben mit ihrem besonderen Sinn f\u00fcr Harmonie, Gerechtigkeit und die Sch\u00f6nheiten der Welt. Sie sind typischerweise naturverbunden, tiefsinnig und f\u00fcrsorglich, und nicht wenige saugen die Stimmungen anderer Menschen auf wie ein Schwamm.<br>Diese und \u00e4hnliche Eigenschaften k\u00f6nnen jedoch auch zu Problemen f\u00fchren: Denn hochsensible Kinder k\u00f6nnen sich schlecht vor Stress und L\u00e4rm abschirmen, auch die Abgrenzung von sozialen Konflikten in ihrer Umwelt gelingt kaum. Das kann im ganz normalen Alltag zu massiver Reiz\u00fcberflutung f\u00fchren&nbsp; \u2013 mit Reaktionen, die bei nicht hochsensiblen Menschen f\u00fcr verst\u00e4ndnisloses Kopfsch\u00fctteln sorgen. Und die Eltern beschleicht das Gef\u00fchl, im Umgang mit dem komplizierten Nachwuchs alles falsch zu machen\u2026<br>Aus dem Inhalt:<br>* Tipps f\u00fcr eine entspanntere Babyzeit<br>* Herausforderung Kindergarten: So findet Ihr Kind seinen Platz in der Gruppe<br>* (Zu) starke Gef\u00fchle? Wie Ihr Kind lernen kann, damit umzugehen<br>* \u00c4ngste, Schlafst\u00f6rungen und \u201eganz normale\u201c Marotten<br>* Reiz\u00fcberflutung in der Schule<br>* Soziale Schwierigkeiten und Mobbing<br>* Von Grenzen, Konsequenzen und respektvoller Kommunikation<\/p>\n\n\n\n<p>Entstanden ist ein Buch, das Mut macht!<\/p>\n\n\n\n<p>Anmerkung der Verlegerin:<br>Wie froh w\u00e4re ich gewesen, wenn ich im Jahre 1983, als ich zum ersten Mal Mutter wurde, ein solches Buch als Ratgeber zur Seite gehabt h\u00e4tte!<br>Die wesentlichen Themen und Herausforderungen im Zusammenleben mit HSP-Kindern werden zur Sprache gebracht, Themen, die eine junge Mutter sehr verunsichern k\u00f6nnen, aber auch Strategien, die helfen, den Alltag mit dem hochsensiblen Schatz einfacher und sch\u00f6ner zu gestalten.<\/p>\n\n\n\n<p>Vielleicht lernen auch Sie die Thematik \u201eHochsensibilit\u00e4t\u201c erst sp\u00e4t kennen. Vielleicht sind Ihre Kinder schon in der Schule, und manches, was Sie in diesem Buch lesen, mag Sie mit Wehmut oder Betroffenheit erf\u00fcllen. Mir jedenfalls ist es so ergangen. Was mich tr\u00f6stet, ist die Erfahrung, dass sich vieles nachholen l\u00e4sst: Kinder sp\u00fcren die Liebe, die man ihnen entgegenbringt auch dann, wenn man Fehler gemacht hat. Die fr\u00fche Kindheit ist unbestreitbar h\u00f6chst wichtig f\u00fcr die Entwicklung der Pers\u00f6nlichkeit, aber gerade HSP sind Sp\u00e4tentwickler, die viele Lernschritte auch in sp\u00e4teren Jahren nachholen k\u00f6nnen.<\/p>\n\n\n\n<p>Nichtsdestotrotz machte mir die Lekt\u00fcre bewusst, was ich \u2013 und meine Kinder \u2013 damals vermisst haben: Verst\u00e4ndnis und eine \u201eGebrauchsanleitung\u201c f\u00fcr unsere Eigenarten.<\/p>\n\n\n\n<p>Deshalb ist es f\u00fcr mich eine ganz besondere Freude, bei der Verwirklichung dieses Buchprojektes mitgewirkt zu haben. Ich danke all den gro\u00dfartigen Eltern und Erziehungs-Experten, die ihre Erfahrungen mit uns geteilt haben, allen Mitarbeitern in \u00d6sterreich, Deutschland und Ungarn, und vor allem der Autorin Julie Leuze.<\/p>\n\n\n\n<p>Ingrid Peternell, Wien&#8220;<br>&nbsp;<\/p>\n\n\n\n<p>Quelle: HSP-Newsletter Oktober 2010<\/p>\n","protected":false},"excerpt":{"rendered":"<p>\u2026noch in Bearbeitung\u2026, \u2026zum Einlesen in die Thematik: google-books &#8222;BUCH \u2013 NEUERSCHEINUNG:Empfindsam erziehen \u2013 Tipps f\u00fcr die ersten 10 Lebensjahre des hochsensiblen Kindesvon Julie Leuzeerschienen im Festland Verlag&nbsp;www.festland-verlag.com160 Seiten\u20ac 17,30.- \/18,50.- ISBN 978-3-9501765-5-1 Hochsensible Kinder bereichern das Familienleben mit ihrem besonderen Sinn f\u00fcr Harmonie, Gerechtigkeit und die Sch\u00f6nheiten der Welt. Sie sind typischerweise naturverbunden, tiefsinnig&#8230;<\/p>\n","protected":false},"author":1,"featured_media":0,"parent":0,"menu_order":0,"comment_status":"closed","ping_status":"closed","template":"","meta":{"footnotes":""},"class_list":["post-119","page","type-page","status-publish","hentry"],"_links":{"self":[{"href":"https:\/\/andres-moysich.de\/index.php\/wp-json\/wp\/v2\/pages\/119","targetHints":{"allow":["GET"]}}],"collection":[{"href":"https:\/\/andres-moysich.de\/index.php\/wp-json\/wp\/v2\/pages"}],"about":[{"href":"https:\/\/andres-moysich.de\/index.php\/wp-json\/wp\/v2\/types\/page"}],"author":[{"embeddable":true,"href":"https:\/\/andres-moysich.de\/index.php\/wp-json\/wp\/v2\/users\/1"}],"replies":[{"embeddable":true,"href":"https:\/\/andres-moysich.de\/index.php\/wp-json\/wp\/v2\/comments?post=119"}],"version-history":[{"count":2,"href":"https:\/\/andres-moysich.de\/index.php\/wp-json\/wp\/v2\/pages\/119\/revisions"}],"predecessor-version":[{"id":202,"href":"https:\/\/andres-moysich.de\/index.php\/wp-json\/wp\/v2\/pages\/119\/revisions\/202"}],"wp:attachment":[{"href":"https:\/\/andres-moysich.de\/index.php\/wp-json\/wp\/v2\/media?parent=119"}],"curies":[{"name":"wp","href":"https:\/\/api.w.org\/{rel}","templated":true}]}}