{"id":214,"date":"2019-07-05T11:01:04","date_gmt":"2019-07-05T11:01:04","guid":{"rendered":"https:\/\/andres-moysich.de\/?page_id=214"},"modified":"2019-07-08T19:16:04","modified_gmt":"2019-07-08T19:16:04","slug":"start","status":"publish","type":"page","link":"https:\/\/andres-moysich.de\/","title":{"rendered":"Herzlich Willkommen!"},"content":{"rendered":"\n<h3 class=\"wp-block-heading\" style=\"text-align:center\"><em><strong>Lerntherapeutische Praxis<\/strong><\/em><\/h3>\n\n\n\n<h3 class=\"wp-block-heading\" style=\"text-align:center\"><em><strong>Zeit und Raum<\/strong><\/em><\/h3>\n\n\n\n<h3 class=\"wp-block-heading\" style=\"text-align:center\"><em><strong>Dipl.-P\u00e4d.&nbsp;Friederike Ch. Andr\u00e9s-Moysich<\/strong><\/em><\/h3>\n\n\n\n<p class=\"has-background has-vivid-cyan-blue-background-color\"><\/p>\n\n\n\n<p style=\"text-align:center\"><\/p>\n\n\n\n<p style=\"text-align:center\">Diplom-Sonderp\u00e4dagogin (Uni)<\/p>\n\n\n\n<p style=\"text-align:center\">Fachrichtung Beeintr\u00e4chtigung des Lernens und Verhaltens.<\/p>\n\n\n\n<p style=\"text-align:center\">rehabilitationsp\u00e4dagogisch-lerntherapeutische Arbeitsschwerpunkte:<\/p>\n\n\n\n<p style=\"text-align:center\">+ Legasthenie +<\/p>\n\n\n\n<p style=\"text-align:center\">+ Dyskalkulie +<\/p>\n\n\n\n<p style=\"text-align:center\">+ kombinierte St\u00f6rungen schulischer Fertigkeiten +<\/p>\n\n\n\n<p style=\"text-align:center\">+Hochsensibilit\u00e4t +<\/p>\n\n\n\n<p style=\"text-align:center\">+ gewaltfreie Kommunikation +<\/p>\n\n\n\n<p style=\"text-align:center\">F\u00fcr die integrative Lerntherapie bei Legasthenie, Dyskalkulie und der kombinierten St\u00f6rung schulischer Fertigkeiten in meiner Praxis ist im Falle eines positiven Bescheids die Kosten\u00fcbernahme durch den Fachbereich Jugend und Familie der Stadt Hannover gegeben.<\/p>\n\n\n\n<p><\/p>\n\n\n\n<p style=\"text-align:center\">F\u00fcr Selbstzahler\/innen gilt die aktuelle bundeseinheitliche Verg\u00fctungsordnung der AOK f\u00fcr Heilmittelerbringende im Sprachheilwesen. Die von mir erbrachten Therapien sind der Heilmittelposition 33103  zuzuordnen.<\/p>\n\n\n\n<p>Es stehen f\u00fcr Sie mannigfaltige ausf\u00fchrliche Informationen auf den folgenden Seiten zur Verf\u00fcgung.<\/p>\n\n\n\n<p style=\"text-align:center\">Gerne k\u00f6nnen Sie mich bei Interesse an einer Therapie anrufen und einen Termin zum kostenfreien kurzen Kennenlernen vereinbaren.<\/p>\n\n\n\n<p style=\"text-align:center\"> Vielen Dank f\u00fcr Ihren Besuch auf meiner Website!<\/p>\n\n\n\n<p style=\"text-align:center\">Dipl.-P\u00e4d. Friederike Ch. Andr\u00e9s-Moysich<br><\/p>\n","protected":false},"excerpt":{"rendered":"<p>Lerntherapeutische Praxis Zeit und Raum Dipl.-P\u00e4d.&nbsp;Friederike Ch. Andr\u00e9s-Moysich Diplom-Sonderp\u00e4dagogin (Uni) Fachrichtung Beeintr\u00e4chtigung des Lernens und Verhaltens. rehabilitationsp\u00e4dagogisch-lerntherapeutische Arbeitsschwerpunkte: + Legasthenie + + Dyskalkulie + + kombinierte St\u00f6rungen schulischer Fertigkeiten + +Hochsensibilit\u00e4t + + gewaltfreie Kommunikation + F\u00fcr die integrative Lerntherapie bei Legasthenie, Dyskalkulie und der kombinierten St\u00f6rung schulischer Fertigkeiten in meiner Praxis ist im Falle&#8230;<\/p>\n","protected":false},"author":2,"featured_media":0,"parent":0,"menu_order":0,"comment_status":"closed","ping_status":"closed","template":"","meta":{"footnotes":""},"class_list":["post-214","page","type-page","status-publish","hentry"],"_links":{"self":[{"href":"https:\/\/andres-moysich.de\/index.php\/wp-json\/wp\/v2\/pages\/214","targetHints":{"allow":["GET"]}}],"collection":[{"href":"https:\/\/andres-moysich.de\/index.php\/wp-json\/wp\/v2\/pages"}],"about":[{"href":"https:\/\/andres-moysich.de\/index.php\/wp-json\/wp\/v2\/types\/page"}],"author":[{"embeddable":true,"href":"https:\/\/andres-moysich.de\/index.php\/wp-json\/wp\/v2\/users\/2"}],"replies":[{"embeddable":true,"href":"https:\/\/andres-moysich.de\/index.php\/wp-json\/wp\/v2\/comments?post=214"}],"version-history":[{"count":57,"href":"https:\/\/andres-moysich.de\/index.php\/wp-json\/wp\/v2\/pages\/214\/revisions"}],"predecessor-version":[{"id":580,"href":"https:\/\/andres-moysich.de\/index.php\/wp-json\/wp\/v2\/pages\/214\/revisions\/580"}],"wp:attachment":[{"href":"https:\/\/andres-moysich.de\/index.php\/wp-json\/wp\/v2\/media?parent=214"}],"curies":[{"name":"wp","href":"https:\/\/api.w.org\/{rel}","templated":true}]}}